{"id":4,"date":"2014-03-31T22:13:29","date_gmt":"2014-03-31T21:13:29","guid":{"rendered":"http:\/\/www.taiskirchen.com\/tw\/?page_id=4"},"modified":"2014-03-31T20:27:10","modified_gmt":"2014-03-31T19:27:10","slug":"geschichte","status":"publish","type":"page","link":"https:\/\/www.fftiewie.at\/?page_id=4","title":{"rendered":"Geschichte"},"content":{"rendered":"<table style=\"width: 470px; height: 1140px;\" width=\"470\" border=\"0\" cellspacing=\"0\" cellpadding=\"0\">\n<tbody>\n<tr>\n<td>\n<p class=\"MsoNormal\" style=\"margin: 0cm 0cm 0pt;\"><img decoding=\"async\" alt=\"\" src=\"http:\/\/lh6.google.at\/Hypervw\/R-DhI5AGGpI\/AAAAAAAAIug\/X-MAv3hnzEA\/s400\/Fahne.jpg\" \/><\/p>\n<p class=\"MsoNormal\" style=\"margin: 0cm 0cm 0pt;\"><span style=\"font-family: Verdana; font-size: x-small;\"><span style=\"font-size: x-small;\"><span style=\"font-size: 10pt;\"><span style=\"font-family: Arial;\">Die FF Tiefenbach-Wietraun wurde aus den L\u00f6schz\u00fcgen Tiefenbach und Wietraun gegr\u00fcndet.<\/span><\/span><\/span><\/span><\/p>\n<p class=\"MsoNormal\" style=\"margin: 0cm 0cm 0pt;\"><span style=\"font-size: 10pt;\"><span style=\"font-family: Arial;\">Diese beiden L\u00f6schz\u00fcge bestanden bereits seit 1920 bzw. 1907. Noch bevor sie\u00a0zu einer\u00a0selbst\u00e4ndigen Feuerwehr wurden, ist bereits eine Modernisierung der Ausr\u00fcstung erfolgt.<\/span><\/span><\/p>\n<p class=\"MsoNormal\" style=\"margin: 0cm 0cm 0pt;\"><span style=\"font-size: 10pt;\"><span style=\"font-family: Arial;\">So wurden im Jahr 1980 bzw. 1981 neue Tragkraftspritzen angekauft.<\/span><\/span><\/p>\n<p class=\"MsoNormal\" style=\"margin: 0cm 0cm 0pt;\"><span style=\"font-size: 10pt;\"><span style=\"font-family: Arial;\">In den Jahren 1984 und 1985 fanden diverse Gespr\u00e4che mit den zust\u00e4ndigen Stellen statt und in diesen Gespr\u00e4chen wurde eine Selbst\u00e4ndigkeit in Aussicht gestellt, wenn sich die\u00a0zwei L\u00f6schz\u00fcge zusammenschlie\u00dfen. Weiters wurde der Ankauf eines Kleinl\u00f6schfahrzeuges und der Neubau eines Zeughauses<\/span><\/span><\/p>\n<p class=\"MsoNormal\" style=\"margin: 0cm 0cm 0pt;\"><span style=\"font-size: 10pt;\"><span style=\"font-family: Arial;\">in Aussicht gestellt. Nach Zustimmung durch das Landesfeuerwehrkommando und durch die O\u00d6. Landesregierung wurde am 20. April 1986 das Kommando der neugegr\u00fcndeten Feuerwehr unter Kommandant Josef Wagneder und Stellvertreter Johann Hattinger gew\u00e4hlt.<\/span><\/span><\/p>\n<p class=\"MsoNormal\" style=\"margin: 0cm 0cm 0pt;\"><span style=\"font-size: 10pt;\"><span style=\"font-family: Arial;\">Noch im April desselben Jahres wurde mit dem Neubau des Zeughauses in Kleingaisbach begonnen, welches bereits im Jahr 1987 fertig gestellt war. <\/span><\/span><\/p>\n<p class=\"MsoNormal\" style=\"margin: 0cm 0cm 0pt;\"><span style=\"font-size: 10pt;\"><span style=\"font-family: Arial;\">Im Mai 1987 wurde das Zeughaus und das neue Kleinl\u00f6schfahrzeug gesegnet und im Rahmen dieser Festlichkeit fand auch die erste Maibaumfeier statt.<\/span><\/span><\/p>\n<p class=\"MsoNormal\" style=\"margin: 0cm 0cm 0pt;\"><span style=\"font-size: 10pt;\"><span style=\"font-family: Arial;\">Um gut ausger\u00fcstet zu sein, t\u00e4tigte die Feuerwehr in den n\u00e4chsten Jahre weitere Anschaffungen. Unter anderem wurden ein Notstromaggregat und eine Tauch-pumpe angekauft.<\/span><\/span><\/p>\n<p class=\"MsoNormal\" style=\"margin: 0cm 0cm 0pt;\"><span style=\"font-size: 10pt;\"><span style=\"font-family: Arial;\">Auf Grund eines Beschlusses im Jahr 1990 wurde eine Feuerwehrfahne ange-schafft, welche am <\/span><\/span><span style=\"font-size: 10pt;\"><span style=\"font-family: Arial;\">19. Mai 1991 beim Zeughaus in Kleingaisbach geweiht wurde.<\/span><\/span><\/p>\n<p class=\"MsoNormal\" style=\"margin: 0cm 0cm 0pt;\"><span style=\"font-size: 10pt;\"><span style=\"font-family: Arial;\">Am 20. M\u00e4rz 1993 legten Kommandant Wagneder und Stellvertreter Hattinger ihre Funktionen zur\u00fcck. Bei der anschlie\u00dfenden Wahl wurden Helmut Wimmer bzw. Franz Wageneder an die Spitze des Kommandos gew\u00e4hlt.<\/span><\/span><\/p>\n<p class=\"MsoNormal\" style=\"margin: 0cm 0cm 0pt;\"><span style=\"font-size: 10pt;\"><span style=\"font-family: Arial;\">Im Februar 1998 legte Stellvertreter Franz Wageneder sein Amt zur\u00fcck. Nachfolger wurde Maximilian Hofinger.<\/span><\/span><\/p>\n<p class=\"MsoNormal\" style=\"margin: 0cm 0cm 0pt;\"><span style=\"font-size: 10pt;\"><span style=\"font-family: Arial;\">Da der Schulungsraum nicht mehr den Anforderungen entsprach, wurde er im Jahr 1999 mit einer neuen Einrichtung ausgestattet.<\/span><\/span><\/p>\n<p class=\"MsoNormal\" style=\"margin: 0cm 0cm 0pt;\"><span style=\"font-size: 10pt;\"><span style=\"font-family: Arial;\">Auf Grund der schlechten L\u00f6schwasserversorgung im Gebiet Edtleiten, Kleingaisbach und Tiefenbach <\/span><\/span><span style=\"font-size: 10pt;\"><span style=\"font-family: Arial;\">sind im selben Jahr zwei geschlossene L\u00f6sch-wasserbeh\u00e4lter mit einem Fassungsverm\u00f6gen von jeweils 100 Kubikmeter errichtet worden.<\/span><\/span><\/p>\n<p class=\"MsoNormal\" style=\"margin: 0cm 0cm 0pt;\"><span style=\"font-size: 10pt;\"><span style=\"font-family: Arial;\">F\u00fcr den Transport des Notstromaggregates, der Scheinwerfer und der Tauchpumpe wurde 2004 ein PKW-Anh\u00e4nger erworben, in welchen diese Gegenst\u00e4nde vom Ger\u00e4tewart eingebaut wurden.<\/span><\/span><\/p>\n<p class=\"MsoNormal\" style=\"margin: 0cm 0cm 0pt;\"><span style=\"font-size: 10pt;\"><span style=\"font-family: Arial;\">Da f\u00fcr die Ortschaften Ellerbach und Baumgarten nur eine unzureichende L\u00f6schwasserversorgung vorhanden war, wurde im Jahr 2006 im Zusammen-wirken der Gemeinden Lambrechten und Taiskirchen ein weiterer L\u00f6schwasser-beh\u00e4lter gebaut.<\/span><\/span><\/p>\n<p class=\"MsoNormal\" style=\"margin: 0cm 0cm 0pt;\"><span style=\"font-size: 10pt;\"><span style=\"font-family: Arial;\">Eine gro\u00dfe Herausforderung war in der Nacht zum 11. September 2012 der<\/span><\/span><\/p>\n<p class=\"MsoNormal\" style=\"margin: 0cm 0cm 0pt;\"><span style=\"font-size: 10pt;\"><span style=\"font-family: Arial;\">Brand beim Haus der Familie G. in Kleingaisbach. Der erst wenige Tage vorher<\/span><\/span><\/p>\n<p class=\"MsoNormal\" style=\"margin: 0cm 0cm 0pt;\"><span style=\"font-size: 10pt;\"><span style=\"font-family: Arial;\">errichtete Anbau in Form von Holzriegelw\u00e4nden stand\u00a0gegen 4 Uhr fr\u00fch in<\/span><\/span><\/p>\n<p class=\"MsoNormal\" style=\"margin: 0cm 0cm 0pt;\"><span style=\"font-size: 10pt;\"><span style=\"font-family: Arial;\">Vollbrand. Da sich das Feuer auf den Dachstuhl des Altbaues ausdehnte,<\/span><\/span><\/p>\n<p class=\"MsoNormal\" style=\"margin: 0cm 0cm 0pt;\"><span style=\"font-size: 10pt;\"><span style=\"font-family: Arial;\">musste Alarmstufe 2 ausgel\u00f6st werden. Dadurch kamen insgesamt 12 Feuer-<\/span><\/span><\/p>\n<p class=\"MsoNormal\" style=\"margin: 0cm 0cm 0pt;\"><span style=\"font-size: 10pt;\"><span style=\"font-family: Arial;\">wehren, darunter auch die Drehleiter der FF Ried, zum Einsatz. Der entstandene<\/span><\/span><\/p>\n<p class=\"MsoNormal\" style=\"margin: 0cm 0cm 0pt;\"><span style=\"font-size: 10pt;\"><span style=\"font-family: Arial;\">Sachschaden war enorm. Verletzt wurde zum Gl\u00fcck niemand.<\/span><\/span><\/p>\n<p class=\"MsoNormal\" style=\"margin: 0cm 0cm 0pt;\">Bei der Feuerwehrwahl 2013 wurde das bestehende Kommando einstimmig<\/p>\n<p class=\"MsoNormal\" style=\"margin: 0cm 0cm 0pt;\">wiedergew\u00e4hlt: Helmut Wimmer (Kommandant), Max Hofinger (Stellvertreter), Markus Reininger (Schriftf\u00fchrer), Helmut Fischer (Kassenwart).<\/p>\n<p class=\"MsoNormal\" style=\"margin: 0cm 0cm 0pt;\">Zur weiteren Verbesserung der L\u00f6schwasserversorgung wurde 2013 in Jebing ein<\/p>\n<p class=\"MsoNormal\" style=\"margin: 0cm 0cm 0pt;\">L\u00f6schwasserbeh\u00e4lter errrichtet.<\/p>\n<p class=\"MsoNormal\" style=\"margin: 0cm 0cm 0pt;\">Neben der ehrenamtlichen T\u00e4tigkeit tr\u00e4gt unsere Feuerwehr auch zum Gesell-<\/p>\n<p class=\"MsoNormal\" style=\"margin: 0cm 0cm 0pt;\">schaftsleben in Taiskirchen wesentlich bei. \u00a0So geh\u00f6ren die Maibaumfeier, Rock in Gaisbach, Steckerlfischpartie und Stefaniball zu den Fixterminen.<\/p>\n<p class=\"MsoNormal\" style=\"margin: 0cm 0cm 0pt;\"><span style=\"font-size: 10pt;\"><span style=\"font-family: Arial;\">Ein besonderes Augenmerk wird seit mehreren Jahren bei der FF Tiefenbach-<\/span><\/span><\/p>\n<p class=\"MsoNormal\" style=\"margin: 0cm 0cm 0pt;\"><span style=\"font-size: 10pt;\"><span style=\"font-family: Arial;\">Wietraun auf die Jugendarbeit gelegt. Die Ausbildner Martin Scherfler und Martin Wagneder stellen f\u00fcr das Training und die Bewerbe viel von ihrer Freizeit zur<\/span><\/span><\/p>\n<p class=\"MsoNormal\" style=\"margin: 0cm 0cm 0pt;\"><span style=\"font-size: 10pt;\"><span style=\"font-family: Arial;\">Verf\u00fcgung. Dadurch sind auch die Erfolge nicht ausgeblieben. In den Jahren 2008 bis 2013 gewannen die Jugendgruppen 60 Pokale.<\/span><\/span><\/p>\n<p class=\"MsoNormal\" style=\"margin: 0cm 0cm 0pt;\"><span style=\"font-size: 10pt;\"><span style=\"font-family: Arial;\">Beim Abschnittsbewerb 2011 in Eschlried wurde Tiefenbach-Wietraun 1 in Bronze Abschnittssieger und Tiefenbach-Wietraun 2 Zweiter. \u00a0Auch in Silber erzielten die Jugendgruppen mit Platz 4 und 5 ausgezeichnete Ergebnisse.<\/span><\/span><\/p>\n<p class=\"MsoNormal\" style=\"margin: 0cm 0cm 0pt;\"><span style=\"font-size: 10pt;\"><span style=\"font-family: Arial;\">Der bisherige H\u00f6hepunkt waren die Bewerbe 2012. \u00a0<strong>Tiefenbach-Wietraun 1<\/strong><\/span><\/span><\/p>\n<p class=\"MsoNormal\" style=\"margin: 0cm 0cm 0pt;\"><span style=\"font-size: 10pt;\"><span style=\"font-family: Arial;\"><strong>siegte\u00a0<\/strong>beim Abschnittsbewerb in Mettmach sowie beim Bezirksbewerb in Ried<\/span><\/span><\/p>\n<p class=\"MsoNormal\" style=\"margin: 0cm 0cm 0pt;\"><span style=\"font-size: 10pt;\"><span style=\"font-family: Arial;\"><strong>in Silber<\/strong>. Damit war\u00a0<strong>Tiefenbach-Wietraun 1\u00a0<\/strong>auch\u00a0<strong>Sieger in der Bezirks-<\/strong><\/span><\/span><\/p>\n<p class=\"MsoNormal\" style=\"margin: 0cm 0cm 0pt;\"><span style=\"font-size: 10pt;\"><span style=\"font-family: Arial;\"><strong>wertung<\/strong>. Beim\u00a0<strong>Landesbewerb in Braunau<\/strong> gab es mit einem\u00a0<strong>3. Rang in Silber<\/strong> einen besonderen Erfolg.<\/span><\/span><\/p>\n<p class=\"MsoNormal\" style=\"margin: 0cm 0cm 0pt;\"><span style=\"font-size: 10pt;\"><span style=\"font-family: Arial;\"><strong>2013 <\/strong>wurde die Jugendgruppe <strong>Bezirksgesamtsieger in Bronze<\/strong>.<\/span><\/span><\/p>\n<p class=\"MsoNormal\" style=\"margin: 0cm 0cm 0pt;\"><span style=\"font-size: 10pt;\"><span style=\"font-family: Arial;\">Ein langj\u00e4hriges Anliegen unserer Feuerwehr ist der Bau eines den heutigen Anforderungen entsprechenden Feuerwehrhauses. \u00a0Dies wird nunmehr in Zusammenarbeit mit der Feuerwehr Breitenried mit der Errichtung eines gemeinsamen Feuerwehrhauses, unter Beibehaltung der Eigenst\u00e4ndigkeit beider Feuerwehren, in der Ortschaft Kleingaisbach (Edt) erreicht.<\/span><\/span><\/p>\n<p class=\"MsoNormal\" style=\"margin: 0cm 0cm 0pt;\"><span style=\"font-size: 10pt;\"><span style=\"font-family: Arial;\">Auf Grund des vorgelegten Konzeptes und der Unterst\u00fctzung durch die Marktge-<\/span><\/span><\/p>\n<p class=\"MsoNormal\" style=\"margin: 0cm 0cm 0pt;\"><span style=\"font-size: 10pt;\"><span style=\"font-family: Arial;\">meinde Taiskirchen ist der Baubeginn im Jahr 2014 zugesagt.\u00a0<\/span><\/span><\/p>\n<p class=\"MsoNormal\" style=\"margin: 0cm 0cm 0pt;\">\n<\/td>\n<\/tr>\n<tr>\n<td><\/td>\n<\/tr>\n<tr>\n<td><\/td>\n<\/tr>\n<tr>\n<td><\/td>\n<\/tr>\n<tr>\n<td><\/td>\n<\/tr>\n<\/tbody>\n<\/table>\n","protected":false},"excerpt":{"rendered":"<p>Die FF Tiefenbach-Wietraun wurde aus den L\u00f6schz\u00fcgen Tiefenbach und Wietraun gegr\u00fcndet. Diese beiden L\u00f6schz\u00fcge bestanden bereits seit 1920 bzw. 1907. Noch bevor sie\u00a0zu einer\u00a0selbst\u00e4ndigen Feuerwehr wurden, ist bereits eine Modernisierung der Ausr\u00fcstung erfolgt. So wurden im Jahr 1980 bzw. 1981 neue Tragkraftspritzen angekauft. In den Jahren 1984 und 1985 fanden diverse Gespr\u00e4che mit den zust\u00e4ndigen [&hellip;]<\/p>\n","protected":false},"author":1,"featured_media":0,"parent":0,"menu_order":0,"comment_status":"closed","ping_status":"closed","template":"","meta":{"_exactmetrics_skip_tracking":false,"_exactmetrics_sitenote_active":false,"_exactmetrics_sitenote_note":"","_exactmetrics_sitenote_category":0,"footnotes":"","_links_to":"","_links_to_target":""},"class_list":["post-4","page","type-page","status-publish","hentry"],"aioseo_notices":[],"_links":{"self":[{"href":"https:\/\/www.fftiewie.at\/index.php?rest_route=\/wp\/v2\/pages\/4","targetHints":{"allow":["GET"]}}],"collection":[{"href":"https:\/\/www.fftiewie.at\/index.php?rest_route=\/wp\/v2\/pages"}],"about":[{"href":"https:\/\/www.fftiewie.at\/index.php?rest_route=\/wp\/v2\/types\/page"}],"author":[{"embeddable":true,"href":"https:\/\/www.fftiewie.at\/index.php?rest_route=\/wp\/v2\/users\/1"}],"replies":[{"embeddable":true,"href":"https:\/\/www.fftiewie.at\/index.php?rest_route=%2Fwp%2Fv2%2Fcomments&post=4"}],"version-history":[{"count":5,"href":"https:\/\/www.fftiewie.at\/index.php?rest_route=\/wp\/v2\/pages\/4\/revisions"}],"predecessor-version":[{"id":9172,"href":"https:\/\/www.fftiewie.at\/index.php?rest_route=\/wp\/v2\/pages\/4\/revisions\/9172"}],"wp:attachment":[{"href":"https:\/\/www.fftiewie.at\/index.php?rest_route=%2Fwp%2Fv2%2Fmedia&parent=4"}],"curies":[{"name":"wp","href":"https:\/\/api.w.org\/{rel}","templated":true}]}}